{"id":9,"date":"2017-05-22T12:50:33","date_gmt":"2017-05-22T10:50:33","guid":{"rendered":"http:\/\/demoweb.jef.it\/pietrella\/?page_id=9"},"modified":"2018-07-24T18:41:50","modified_gmt":"2018-07-24T16:41:50","slug":"azienda","status":"publish","type":"page","link":"https:\/\/www.pietrella.it\/it\/azienda","title":{"rendered":"Azienda"},"content":{"rendered":"<p><\/p>\n<p>[vc_row el_class=&#8221;testo_azienda&#8221;][vc_column]<div class=\"row\"><div class=\"col-md-12\" style=\"text-align:center;\"><h1 id=\"PROGETTAREGUARDANDOAVANTI.\" class=\"main_title_website \" style=\"text-transform:uppercase;\"><div class=\"myrow\" style=\"\"><p>PROGETTARE GUARDANDO AVANTI.<\/p>\n<\/div><div class=\"myrow\" style=\"\"><p>C\u2019\u00c8 UN MODO DI LAVORARE DIVERSO DA TUTTI,<\/p>\n<\/div><div class=\"myrow\" style=\"\"><p>ED \u00c8 QUELLO ITALIANO.<\/p>\n<\/div><\/h1><\/div><\/div><div class=\"col-12 box_testo_custom \" style=\"text-align:center\"><div class=\"mainparagrafo large\">Tradizione, dedizione, innovazione: il marchio Pietrella \u00e8 una scelta senza rischi. Da pi\u00f9 di 20 anni <strong>sviluppiamo, produciamo e commercializziamo macchinari per lo stampaggio di materie termoplastiche<\/strong> destinati al settore calzaturiero.<\/p>\n<p>Per noi di Pietrella \u00e8 chiaro: forza, passione e convinzione nel processo creativo \u00e8 ci\u00f2 che ci sospinge e che ci porta al successo.<\/div><\/div>[\/vc_column][\/vc_row][vc_row css=&#8221;.vc_custom_1532337361408{margin-top: 40px !important;margin-bottom: 120px !important;}&#8221; el_class=&#8221;testo_azienda&#8221;][vc_column][vc_raw_html]JTNDaWZyYW1lJTIwd2lkdGglM0QlMjI3MjAlMjIlMjBoZWlnaHQlM0QlMjI0MjAlMjIlMjBzcmMlM0QlMjJodHRwcyUzQSUyRiUyRnd3dy55b3V0dWJlLmNvbSUyRmVtYmVkJTJGczlMQnZDUjFBNW8lM0ZyZWwlM0QwJTI2YW1wJTNCc2hvd2luZm8lM0QwJTI2YW1wJTNCYXV0b3BsYXklM0QxJTIyJTIwZnJhbWVib3JkZXIlM0QlMjIwJTIyJTIwZ2VzdHVyZSUzRCUyMm1lZGlhJTIyJTIwYWxsb3clM0QlMjJlbmNyeXB0ZWQtbWVkaWElMjIlMjBhbGxvd2Z1bGxzY3JlZW4lM0UlM0MlMkZpZnJhbWUlM0U=[\/vc_raw_html][\/vc_column][\/vc_row][vc_row content_placement=&#8221;middle&#8221; css=&#8221;.vc_custom_1532450066943{margin-bottom: 50px !important;}&#8221;][vc_column width=&#8221;1\/2&#8243;]<div class=\"row\"><div class=\"col-md-12\" style=\"text-align:left;\"><h2 id=\"Aziendaevalori\" class=\"main_title_website \" style=\"text-transform:uppercase;\"><div class=\"myrow\" style=\"\"><p>Azienda e valori<\/p>\n<\/div><\/h2><\/div><\/div><div class=\"col-12 box_testo_custom \" style=\"text-align:left\"><div class=\"mainparagrafo\">Tutto inizia dai nostri clienti operatori del settore calzaturiero, dall\u2019ascolto delle loro esigenze e dalla vicinanza continua con le loro aspettative in termini di risultati attesi: negli anni abbiamo compreso l\u2019importanza di <b>rispondere con velocit\u00e0 e precisione alle richieste del mercato internazionale<\/b>, fornendo prodotti tecnologici avanzati e garantiti nel tempo.<\/p>\n<p>Il confronto costante con le aziende di settore e con i nostri fornitori, inoltre, rappresenta il nostro impegno quotidiano nell\u2019<b>ottimizzare la competitivit\u00e0 delle nostre macchine<\/b> con l\u2019obiettivo di coniugare elevati standard qualitativi a <b>costi contenuti <\/b>rispetto alla concorrenza.<\/p>\n<p>Siamo strutturati per gestire internamente la <b>ricerca e sviluppo<\/b>, la progettazione e la produzione delle macchine, l\u2019assistenza post vendita e le attivit\u00e0 commerciali, con vantaggi notevoli in termini di efficienza produttiva e di <b>qualit\u00e0 del servizio<\/b> offerto al cliente finale.<\/div><\/div>[\/vc_column][vc_column width=&#8221;1\/2&#8243;]<div class=\"row\"><div class=\"col-md-12 gallery-site for_custom_gallery myslider owl-carousel\" id=\"myslider-708709386712713\"><div class=\"item_gal col-12\"><div class=\"content_gal\"><a class=\"absolute_hover for_link fancybox\" data-fancybox=\"gallery-carousel-708709386712713\" href=\"https:\/\/www.pietrella.it\/wp-content\/uploads\/2018\/07\/azienda-pietrella.jpg\"><\/a><div class=\"absolute_hover\" style=\"background-image:url(https:\/\/www.pietrella.it\/wp-content\/uploads\/2018\/07\/azienda-pietrella.jpg);\"><\/div><\/div><\/div><div class=\"item_gal col-12\"><div class=\"content_gal\"><a class=\"absolute_hover for_link fancybox\" data-fancybox=\"gallery-carousel-708709386712713\" href=\"https:\/\/www.pietrella.it\/wp-content\/uploads\/2018\/07\/azienda-pietrella2.jpg\"><\/a><div class=\"absolute_hover\" style=\"background-image:url(https:\/\/www.pietrella.it\/wp-content\/uploads\/2018\/07\/azienda-pietrella2.jpg);\"><\/div><\/div><\/div><div class=\"item_gal col-12\"><div class=\"content_gal\"><a class=\"absolute_hover for_link fancybox\" data-fancybox=\"gallery-carousel-708709386712713\" href=\"https:\/\/www.pietrella.it\/wp-content\/uploads\/2017\/05\/IMG_2815.jpg\"><\/a><div class=\"absolute_hover\" style=\"background-image:url(https:\/\/www.pietrella.it\/wp-content\/uploads\/2017\/05\/IMG_2815.jpg);\"><\/div><\/div><\/div><div class=\"item_gal col-12\"><div class=\"content_gal\"><a class=\"absolute_hover for_link fancybox\" data-fancybox=\"gallery-carousel-708709386712713\" href=\"https:\/\/www.pietrella.it\/wp-content\/uploads\/2018\/07\/azienda-pietrella3.jpg\"><\/a><div class=\"absolute_hover\" style=\"background-image:url(https:\/\/www.pietrella.it\/wp-content\/uploads\/2018\/07\/azienda-pietrella3.jpg);\"><\/div><\/div><\/div><div class=\"item_gal col-12\"><div class=\"content_gal\"><a class=\"absolute_hover for_link fancybox\" data-fancybox=\"gallery-carousel-708709386712713\" href=\"https:\/\/www.pietrella.it\/wp-content\/uploads\/2018\/07\/IMG_9345.jpg\"><\/a><div class=\"absolute_hover\" style=\"background-image:url(https:\/\/www.pietrella.it\/wp-content\/uploads\/2018\/07\/IMG_9345.jpg);\"><\/div><\/div><\/div><\/div><\/div><script>\n\tjQuery(window).load(function () {\n\t\tjQuery(\"#myslider-708709386712713\").owlCarousel({\n\t\tloop:true,\n\t\tmargin:30,\n\t\tdots:false,\n\t\tnav:true,\n\t\t\/\/navText: ['<i class=\"fa fa-angle-left\"><\/i>', '<i class=\"fa fa-angle-right\"><\/i>'],\n\t\tnavText: ['<img src=\"https:\/\/www.pietrella.it\/wp-content\/themes\/ptrl-child\/template\/img\/toleft.png\">','<img src=\"https:\/\/www.pietrella.it\/wp-content\/themes\/ptrl-child\/template\/img\/toright.png\">'],\n\t\tautoplay:true,\n\t\tautoheight:false,\n\t\tresponsiveClass:true,\n\t\tresponsive:{\n\t\t\t0:{ items:1 }\n\t\t\t }\n\t\t});\n\t\tjQuery(\"#myslider-708709386712713 .fancybox\").fancybox({\n\t\t\n\t\t\t\t\tbuttons: [\n\t\t\t\t\t\/\/\"zoom\",\n\t\t\t\t\t\/\/\"share\",\n\t\t\t\t\t\/\/\"slideShow\",\n\t\t\t\t\t\"fullScreen\",\n\t\t\t\t\t\/\/\"download\",\n\t\t\t\t\t\/\/\"thumbs\",\n\t\t\t\t\t\"close\"\n\t\t\t\t],\n\t\t\n\t\t});\n\t});\n\t<\/script>\n\n\n\n\n\n\n\n  [\/vc_column][\/vc_row][vc_row full_width=&#8221;stretch_row&#8221; el_class=&#8221;nostri_numeri&#8221; css=&#8221;.vc_custom_1496071290843{padding-top: 35px !important;background-image: url(https:\/\/www.pietrella.it\/wp-content\/uploads\/2017\/05\/bg_numeri-1.jpg?id=298) !important;background-position: center !important;background-repeat: no-repeat !important;background-size: cover !important;}&#8221;][vc_column width=&#8221;1\/3&#8243;]<div class=\"myrow myaligncenter mynumber_box\"><div class=\"myrow image_icona_box\"><img src=\"https:\/\/www.pietrella.it\/wp-content\/uploads\/2017\/05\/factory-1.png\"\/><\/div><div class=\"myrow label_icona_box\" style=\"\">Paesi in cui operiamo<\/div><div class=\"myrow number_icona_box\" style=\"\">+29<\/div><\/div>[\/vc_column][vc_column width=&#8221;1\/3&#8243;]<div class=\"myrow myaligncenter mynumber_box\"><div class=\"myrow image_icona_box\"><img src=\"https:\/\/www.pietrella.it\/wp-content\/uploads\/2017\/05\/dipend.png\"\/><\/div><div class=\"myrow label_icona_box\" style=\"\">Dipendenti<\/div><div class=\"myrow number_icona_box\" style=\"\">15<\/div><\/div>[\/vc_column][vc_column width=&#8221;1\/3&#8243;]<div class=\"myrow myaligncenter mynumber_box\"><div class=\"myrow image_icona_box\"><img src=\"https:\/\/www.pietrella.it\/wp-content\/uploads\/2017\/05\/technology.png\"\/><\/div><div class=\"myrow label_icona_box\" style=\"\">Macchine \/ Progetti<\/div><div class=\"myrow number_icona_box\" style=\"\">+99<\/div><\/div>[\/vc_column][\/vc_row][vc_row full_width=&#8221;stretch_row_content_no_spaces&#8221; css=&#8221;.vc_custom_1521634524002{margin-top: 0px !important;padding-top: 0px !important;}&#8221;][vc_column css=&#8221;.vc_custom_1521634561216{margin-top: 0px !important;padding-top: 0px !important;}&#8221;]<div class=\"row gallery-site for_custom_gallery mygrid\" id=\"mygrid-401400399398397396395394386387388391\"><div class=\"item_gal col-lg-2 col-md-4 col-sm-6 col-12\"><div class=\"content_gal\"><div class=\"absolute_hover\" style=\"background-image:url(https:\/\/www.pietrella.it\/wp-content\/uploads\/2017\/05\/IMG_2842.jpg);\"><\/div><a class=\"absolute_hover for_link fancybox\" data-fancybox=\"gallery-grid-401400399398397396395394386387388391\" href=\"https:\/\/www.pietrella.it\/wp-content\/uploads\/2017\/05\/IMG_2842.jpg\"><\/a><\/div><\/div><div class=\"item_gal col-lg-2 col-md-4 col-sm-6 col-12\"><div class=\"content_gal\"><div class=\"absolute_hover\" style=\"background-image:url(https:\/\/www.pietrella.it\/wp-content\/uploads\/2017\/05\/IMG_2839.jpg);\"><\/div><a class=\"absolute_hover for_link fancybox\" data-fancybox=\"gallery-grid-401400399398397396395394386387388391\" href=\"https:\/\/www.pietrella.it\/wp-content\/uploads\/2017\/05\/IMG_2839.jpg\"><\/a><\/div><\/div><div class=\"item_gal col-lg-2 col-md-4 col-sm-6 col-12\"><div class=\"content_gal\"><div class=\"absolute_hover\" style=\"background-image:url(https:\/\/www.pietrella.it\/wp-content\/uploads\/2017\/05\/IMG_2838.jpg);\"><\/div><a class=\"absolute_hover for_link fancybox\" data-fancybox=\"gallery-grid-401400399398397396395394386387388391\" href=\"https:\/\/www.pietrella.it\/wp-content\/uploads\/2017\/05\/IMG_2838.jpg\"><\/a><\/div><\/div><div class=\"item_gal col-lg-2 col-md-4 col-sm-6 col-12\"><div class=\"content_gal\"><div class=\"absolute_hover\" style=\"background-image:url(https:\/\/www.pietrella.it\/wp-content\/uploads\/2017\/05\/IMG_2836.jpg);\"><\/div><a class=\"absolute_hover for_link fancybox\" data-fancybox=\"gallery-grid-401400399398397396395394386387388391\" href=\"https:\/\/www.pietrella.it\/wp-content\/uploads\/2017\/05\/IMG_2836.jpg\"><\/a><\/div><\/div><div class=\"item_gal col-lg-2 col-md-4 col-sm-6 col-12\"><div class=\"content_gal\"><div class=\"absolute_hover\" style=\"background-image:url(https:\/\/www.pietrella.it\/wp-content\/uploads\/2017\/05\/IMG_2834.jpg);\"><\/div><a class=\"absolute_hover for_link fancybox\" data-fancybox=\"gallery-grid-401400399398397396395394386387388391\" href=\"https:\/\/www.pietrella.it\/wp-content\/uploads\/2017\/05\/IMG_2834.jpg\"><\/a><\/div><\/div><div class=\"item_gal col-lg-2 col-md-4 col-sm-6 col-12\"><div class=\"content_gal\"><div class=\"absolute_hover\" style=\"background-image:url(https:\/\/www.pietrella.it\/wp-content\/uploads\/2017\/05\/IMG_2832.jpg);\"><\/div><a class=\"absolute_hover for_link fancybox\" data-fancybox=\"gallery-grid-401400399398397396395394386387388391\" href=\"https:\/\/www.pietrella.it\/wp-content\/uploads\/2017\/05\/IMG_2832.jpg\"><\/a><\/div><\/div><div class=\"item_gal col-lg-2 col-md-4 col-sm-6 col-12\"><div class=\"content_gal\"><div class=\"absolute_hover\" style=\"background-image:url(https:\/\/www.pietrella.it\/wp-content\/uploads\/2017\/05\/IMG_2831.jpg);\"><\/div><a class=\"absolute_hover for_link fancybox\" data-fancybox=\"gallery-grid-401400399398397396395394386387388391\" href=\"https:\/\/www.pietrella.it\/wp-content\/uploads\/2017\/05\/IMG_2831.jpg\"><\/a><\/div><\/div><div class=\"item_gal col-lg-2 col-md-4 col-sm-6 col-12\"><div class=\"content_gal\"><div class=\"absolute_hover\" style=\"background-image:url(https:\/\/www.pietrella.it\/wp-content\/uploads\/2017\/05\/IMG_2829.jpg);\"><\/div><a class=\"absolute_hover for_link fancybox\" data-fancybox=\"gallery-grid-401400399398397396395394386387388391\" href=\"https:\/\/www.pietrella.it\/wp-content\/uploads\/2017\/05\/IMG_2829.jpg\"><\/a><\/div><\/div><div class=\"item_gal col-lg-2 col-md-4 col-sm-6 col-12\"><div class=\"content_gal\"><div class=\"absolute_hover\" style=\"background-image:url(https:\/\/www.pietrella.it\/wp-content\/uploads\/2017\/05\/IMG_2815.jpg);\"><\/div><a class=\"absolute_hover for_link fancybox\" data-fancybox=\"gallery-grid-401400399398397396395394386387388391\" href=\"https:\/\/www.pietrella.it\/wp-content\/uploads\/2017\/05\/IMG_2815.jpg\"><\/a><\/div><\/div><div class=\"item_gal col-lg-2 col-md-4 col-sm-6 col-12\"><div class=\"content_gal\"><div class=\"absolute_hover\" style=\"background-image:url(https:\/\/www.pietrella.it\/wp-content\/uploads\/2017\/05\/IMG_2818.jpg);\"><\/div><a class=\"absolute_hover for_link fancybox\" data-fancybox=\"gallery-grid-401400399398397396395394386387388391\" href=\"https:\/\/www.pietrella.it\/wp-content\/uploads\/2017\/05\/IMG_2818.jpg\"><\/a><\/div><\/div><div class=\"item_gal col-lg-2 col-md-4 col-sm-6 col-12\"><div class=\"content_gal\"><div class=\"absolute_hover\" style=\"background-image:url(https:\/\/www.pietrella.it\/wp-content\/uploads\/2017\/05\/IMG_2819.jpg);\"><\/div><a class=\"absolute_hover for_link fancybox\" data-fancybox=\"gallery-grid-401400399398397396395394386387388391\" href=\"https:\/\/www.pietrella.it\/wp-content\/uploads\/2017\/05\/IMG_2819.jpg\"><\/a><\/div><\/div><div class=\"item_gal col-lg-2 col-md-4 col-sm-6 col-12\"><div class=\"content_gal\"><div class=\"absolute_hover\" style=\"background-image:url(https:\/\/www.pietrella.it\/wp-content\/uploads\/2017\/05\/IMG_2823.jpg);\"><\/div><a class=\"absolute_hover for_link fancybox\" data-fancybox=\"gallery-grid-401400399398397396395394386387388391\" href=\"https:\/\/www.pietrella.it\/wp-content\/uploads\/2017\/05\/IMG_2823.jpg\"><\/a><\/div><\/div><\/div><script> \njQuery(window).load(function () {\njQuery(\"#mygrid-401400399398397396395394386387388391 .fancybox\").fancybox({ \n\t\t\tbuttons: [\n\t\t\t\/\/\"zoom\",\n\t\t\t\/\/\"share\",\n\t\t\t\/\/\"slideShow\",\n\t\t\t\"fullScreen\",\n\t\t\t\/\/\"download\",\n\t\t\t\/\/\"thumbs\",\n\t\t\t\"close\"\n\t\t],\n\t\t\n\n\t});\n});\n<\/script> \n\n\n\n\n\n\n\n\n  [\/vc_column][\/vc_row][vc_row full_width=&#8221;stretch_row&#8221; css=&#8221;.vc_custom_1521634824844{padding-top: 40px !important;padding-bottom: 60px !important;}&#8221;][vc_column]<div class=\"row\"><div class=\"col-md-12\" style=\"text-align:center;\"><h3 id=\"InItaliaenelRestonelMondo\" class=\"main_title_website  vc_custom_1532424361365\" style=\"text-transform:none;\"><div class=\"myrow\" style=\"\"><p>In Italia e nel Resto nel Mondo<\/p>\n<\/div><\/h3><\/div><\/div><div class=\"col-12 box_testo_custom  vc_custom_1532424650903\" style=\"text-align:center\"><div class=\"mainparagrafo\">Alcuni dei Paesi nei quali Pietrella srl ha realizzato e fornito le proprie macchine.<\/div><\/div>[vc_single_image image=&#8221;582&#8243; img_size=&#8221;full&#8221; alignment=&#8221;center&#8221;][\/vc_column][\/vc_row]<\/p>\n<p><\/p>","protected":false},"excerpt":{"rendered":"<p>[vc_row el_class=&#8221;testo_azienda&#8221;][vc_column][\/vc_column][\/vc_row][vc_row css=&#8221;.vc_custom_1532337361408{margin-top: 40px !important;margin-bottom: 120px !important;}&#8221; el_class=&#8221;testo_azienda&#8221;][vc_column][vc_raw_html]JTNDaWZyYW1lJTIwd2lkdGglM0QlMjI3MjAlMjIlMjBoZWlnaHQlM0QlMjI0MjAlMjIlMjBzcmMlM0QlMjJodHRwcyUzQSUyRiUyRnd3dy55b3V0dWJlLmNvbSUyRmVtYmVkJTJGczlMQnZDUjFBNW8lM0ZyZWwlM0QwJTI2YW1wJTNCc2hvd2luZm8lM0QwJTI2YW1wJTNCYXV0b3BsYXklM0QxJTIyJTIwZnJhbWVib3JkZXIlM0QlMjIwJTIyJTIwZ2VzdHVyZSUzRCUyMm1lZGlhJTIyJTIwYWxsb3clM0QlMjJlbmNyeXB0ZWQtbWVkaWElMjIlMjBhbGxvd2Z1bGxzY3JlZW4lM0UlM0MlMkZpZnJhbWUlM0U=[\/vc_raw_html][\/vc_column][\/vc_row][vc_row content_placement=&#8221;middle&#8221; css=&#8221;.vc_custom_1532450066943{margin-bottom: 50px !important;}&#8221;][vc_column width=&#8221;1\/2&#8243;][\/vc_column][vc_column width=&#8221;1\/2&#8243;][\/vc_column][\/vc_row][vc_row full_width=&#8221;stretch_row&#8221; el_class=&#8221;nostri_numeri&#8221; css=&#8221;.vc_custom_1496071290843{padding-top: 35px !important;background-image: url(https:\/\/www.pietrella.it\/wp-content\/uploads\/2017\/05\/bg_numeri-1.jpg?id=298) !important;background-position: center !important;background-repeat: no-repeat !important;background-size: cover !important;}&#8221;][vc_column width=&#8221;1\/3&#8243;][\/vc_column][vc_column width=&#8221;1\/3&#8243;][\/vc_column][vc_column width=&#8221;1\/3&#8243;][\/vc_column][\/vc_row][vc_row full_width=&#8221;stretch_row_content_no_spaces&#8221; css=&#8221;.vc_custom_1521634524002{margin-top: 0px !important;padding-top: 0px !important;}&#8221;][vc_column css=&#8221;.vc_custom_1521634561216{margin-top: 0px !important;padding-top: 0px &hellip; <a href=\"https:\/\/www.pietrella.it\/it\/azienda\">Continua a leggere<span class=\"meta-nav\">&rarr;<\/span><\/a><\/p>\n","protected":false},"author":3,"featured_media":0,"parent":0,"menu_order":7,"comment_status":"closed","ping_status":"closed","template":"","meta":[],"_links":{"self":[{"href":"https:\/\/www.pietrella.it\/it\/wp-json\/wp\/v2\/pages\/9"}],"collection":[{"href":"https:\/\/www.pietrella.it\/it\/wp-json\/wp\/v2\/pages"}],"about":[{"href":"https:\/\/www.pietrella.it\/it\/wp-json\/wp\/v2\/types\/page"}],"author":[{"embeddable":true,"href":"https:\/\/www.pietrella.it\/it\/wp-json\/wp\/v2\/users\/3"}],"replies":[{"embeddable":true,"href":"https:\/\/www.pietrella.it\/it\/wp-json\/wp\/v2\/comments?post=9"}],"version-history":[{"count":133,"href":"https:\/\/www.pietrella.it\/it\/wp-json\/wp\/v2\/pages\/9\/revisions"}],"predecessor-version":[{"id":715,"href":"https:\/\/www.pietrella.it\/it\/wp-json\/wp\/v2\/pages\/9\/revisions\/715"}],"wp:attachment":[{"href":"https:\/\/www.pietrella.it\/it\/wp-json\/wp\/v2\/media?parent=9"}],"curies":[{"name":"wp","href":"https:\/\/api.w.org\/{rel}","templated":true}]}}